{"id":491,"date":"2021-09-21T14:03:16","date_gmt":"2021-09-21T11:03:16","guid":{"rendered":"http:\/\/ekosistemgroup.com\/?page_id=491"},"modified":"2021-09-21T14:03:16","modified_gmt":"2021-09-21T11:03:16","slug":"cevre-hizmetleri","status":"publish","type":"page","link":"https:\/\/ekosistemgroup.com\/?page_id=491","title":{"rendered":"\u00c7evre Hizmetleri"},"content":{"rendered":"<p>[vc_row bk_type=&#8221;full_width&#8221; bk_color=&#8221;#ffffff&#8221;][vc_column width=&#8221;1\/1&#8243;][vc_row_inner][vc_column_inner width=&#8221;1\/4&#8243;]<div class=\"prk_service  prk_service_center\"><div><img alt=\"\" src=\"https:\/\/ekosistemgroup.com\/wp-content\/uploads\/2021\/09\/emisyon-olcumleri.png\" \/><\/div><div class=\"clearfix\"><\/div><div class=\"prk_service_ctt\"><h4 class=\"big zero_color bd_headings_text_shadow header_font\">Emisyon - \u0130misyon \u00d6l\u00e7\u00fcmleri<\/h4><div class=\"clearfix\"><\/div><div class=\"service_inner_desc\">\u00c7evre ve \u015eehircilik Bakanl\u0131\u011f\u0131 taraf\u0131ndan yay\u0131nlanan ``Sanayi Kaynakl\u0131 Hava Kirlili\u011finin Kontrol\u00fc Y\u00f6netmeli\u011fi``...<\/div><div class=\"simple_line special_size\"><\/div><div class=\"service_lnk header_font prk_bold\"><a class=\"not_zero_color fade_anchor\" href=\"http:\/\/www.syscevre.com.tr\/Hizmet.asp?id=20\">Detaylar \u0130\u00e7in T\u0131klay\u0131n<\/a><\/div><\/div><\/div>[\/vc_column_inner][vc_column_inner width=&#8221;1\/4&#8243;]<div class=\"prk_service  prk_service_center\"><div><img alt=\"\" src=\"https:\/\/ekosistemgroup.com\/wp-content\/uploads\/2021\/09\/su-atik-su-olcumu.png\" \/><\/div><div class=\"clearfix\"><\/div><div class=\"prk_service_ctt\"><h4 class=\"big zero_color bd_headings_text_shadow header_font\">Su - At\u0131k Su \u00d6l\u00e7\u00fcmleri<\/h4><div class=\"clearfix\"><\/div><div class=\"service_inner_desc\">At\u0131k su analizi; \u00e7evre izni a\u015famas\u0131nda ve kontrol amac\u0131 ile yapt\u0131r\u0131l\u0131r. A\u011f\u0131rl\u0131kl\u0131 olarak kullan\u0131lan y\u00f6netmelik... <\/div><div class=\"simple_line special_size\"><\/div><div class=\"service_lnk header_font prk_bold\"><a class=\"not_zero_color fade_anchor\" href=\"http:\/\/www.syscevre.com.tr\/Hizmet.asp?id=19\">Detaylar \u0130\u00e7in T\u0131klay\u0131n<\/a><\/div><\/div><\/div>[\/vc_column_inner][vc_column_inner width=&#8221;1\/4&#8243;]<div class=\"prk_service  prk_service_center\"><div><img alt=\"\" src=\"https:\/\/ekosistemgroup.com\/wp-content\/uploads\/2021\/09\/cevre-proje-danismanligi.png\" \/><\/div><div class=\"clearfix\"><\/div><div class=\"prk_service_ctt\"><h4 class=\"big zero_color bd_headings_text_shadow header_font\">Proje Dan\u0131\u015fmanl\u0131\u011f\u0131<\/h4><div class=\"clearfix\"><\/div><div class=\"service_inner_desc\">T\u00fcm proje dan\u0131\u015fmanl\u0131k hizmetlerini yasal mevzuat h\u00fck\u00fcmlerine uygun olarak haz\u0131rl\u0131yor ve uyguluyoruz...<\/div><div class=\"simple_line special_size\"><\/div><div class=\"service_lnk header_font prk_bold\"><a class=\"not_zero_color fade_anchor\" href=\"#\">Detaylar \u0130\u00e7in T\u0131klay\u0131n<\/a><\/div><\/div><\/div>[\/vc_column_inner][vc_column_inner width=&#8221;1\/4&#8243;]<div class=\"prk_service  prk_service_center\"><div><img alt=\"\" src=\"https:\/\/ekosistemgroup.com\/wp-content\/uploads\/2021\/09\/cevre-mevzuati-danismanligi.png\" \/><\/div><div class=\"clearfix\"><\/div><div class=\"prk_service_ctt\"><h4 class=\"big zero_color bd_headings_text_shadow header_font\">\u00c7evre Mevzuat\u0131 ve Y\u00f6netimi Dan\u0131\u015fmanl\u0131\u011f\u0131<\/h4><div class=\"clearfix\"><\/div><div class=\"service_inner_desc\">\u00c7evre mevzuat\u0131 ve uygulamalar\u0131 konusunda profesyonel kadromuzla uzman bir kurulu\u015fuz. <\/div><div class=\"simple_line special_size\"><\/div><div class=\"service_lnk header_font prk_bold\"><a class=\"not_zero_color fade_anchor\" href=\"#\">Detaylar \u0130\u00e7in T\u0131klay\u0131n<\/a><\/div><\/div><\/div>[\/vc_column_inner][\/vc_row_inner][\/vc_column][\/vc_row]<\/p>\n","protected":false},"excerpt":{"rendered":"<p>[vc_row bk_type=&#8221;full_width&#8221; bk_color=&#8221;#ffffff&#8221;][vc_column width=&#8221;1\/1&#8243;][vc_row_inner][vc_column_inner width=&#8221;1\/4&#8243;][\/vc_column_inner][vc_column_inner width=&#8221;1\/4&#8243;][\/vc_column_inner][vc_column_inner width=&#8221;1\/4&#8243;][\/vc_column_inner][vc_column_inner width=&#8221;1\/4&#8243;][\/vc_column_inner][\/vc_row_inner][\/vc_column][\/vc_row]<\/p>\n","protected":false},"author":2,"featured_media":0,"parent":133,"menu_order":1,"comment_status":"closed","ping_status":"closed","template":"page-sections.php","meta":[],"_links":{"self":[{"href":"https:\/\/ekosistemgroup.com\/index.php?rest_route=\/wp\/v2\/pages\/491"}],"collection":[{"href":"https:\/\/ekosistemgroup.com\/index.php?rest_route=\/wp\/v2\/pages"}],"about":[{"href":"https:\/\/ekosistemgroup.com\/index.php?rest_route=\/wp\/v2\/types\/page"}],"author":[{"embeddable":true,"href":"https:\/\/ekosistemgroup.com\/index.php?rest_route=\/wp\/v2\/users\/2"}],"replies":[{"embeddable":true,"href":"https:\/\/ekosistemgroup.com\/index.php?rest_route=%2Fwp%2Fv2%2Fcomments&post=491"}],"version-history":[{"count":1,"href":"https:\/\/ekosistemgroup.com\/index.php?rest_route=\/wp\/v2\/pages\/491\/revisions"}],"predecessor-version":[{"id":492,"href":"https:\/\/ekosistemgroup.com\/index.php?rest_route=\/wp\/v2\/pages\/491\/revisions\/492"}],"up":[{"embeddable":true,"href":"https:\/\/ekosistemgroup.com\/index.php?rest_route=\/wp\/v2\/pages\/133"}],"wp:attachment":[{"href":"https:\/\/ekosistemgroup.com\/index.php?rest_route=%2Fwp%2Fv2%2Fmedia&parent=491"}],"curies":[{"name":"wp","href":"https:\/\/api.w.org\/{rel}","templated":true}]}}